{"id":5528,"date":"2025-10-08T19:43:16","date_gmt":"2025-10-08T19:43:16","guid":{"rendered":"https:\/\/marketingymariana.com\/?page_id=5528"},"modified":"2025-10-12T22:20:16","modified_gmt":"2025-10-12T22:20:16","slug":"plantilla_buyer_persona","status":"publish","type":"page","link":"https:\/\/marketingymariana.com\/index.php\/home\/plantilla_buyer_persona\/","title":{"rendered":"De la mente de tu cliente a tu estrategia"},"content":{"rendered":"\t\t<div data-elementor-type=\"wp-page\" data-elementor-id=\"5528\" class=\"elementor elementor-5528\">\n\t\t\t\t\t\t<section class=\"elementor-section elementor-top-section elementor-element elementor-element-c5f39d9 elementor-section-full_width pt0 pb0 elementor-section-height-default elementor-section-height-default bg-light\" data-id=\"c5f39d9\" data-element_type=\"section\" data-settings=\"{&quot;shape_divider_bottom&quot;:&quot;waves&quot;,&quot;shape_divider_bottom_negative&quot;:&quot;yes&quot;}\">\n\t\t\t\t\t<div class=\"elementor-shape elementor-shape-bottom\" data-negative=\"true\">\n\t\t\t<svg xmlns=\"http:\/\/www.w3.org\/2000\/svg\" viewBox=\"0 0 1000 100\" preserveAspectRatio=\"none\">\n\t<path class=\"elementor-shape-fill\" d=\"M790.5,93.1c-59.3-5.3-116.8-18-192.6-50c-29.6-12.7-76.9-31-100.5-35.9c-23.6-4.9-52.6-7.8-75.5-5.3\n\tc-10.2,1.1-22.6,1.4-50.1,7.4c-27.2,6.3-58.2,16.6-79.4,24.7c-41.3,15.9-94.9,21.9-134,22.6C72,58.2,0,25.8,0,25.8V100h1000V65.3\n\tc0,0-51.5,19.4-106.2,25.7C839.5,97,814.1,95.2,790.5,93.1z\"\/>\n<\/svg>\t\t<\/div>\n\t\t\t\t\t<div class=\"elementor-container elementor-column-gap-no\">\n\t\t\t\t\t<div class=\"elementor-column elementor-col-100 elementor-top-column elementor-element elementor-element-594ffe4\" data-id=\"594ffe4\" data-element_type=\"column\">\n\t\t\t<div class=\"elementor-widget-wrap elementor-element-populated\">\n\t\t\t\t\t\t<div class=\"elementor-element elementor-element-e76e9af elementor-widget elementor-widget-tlg_header_single\" data-id=\"e76e9af\" data-element_type=\"widget\" data-widget_type=\"tlg_header_single.default\">\n\t\t\t\t<div class=\"elementor-widget-container\">\n\t\t\t\t\t<section class=\"header-single vertical-flex m0  image-bg parallax  p0 fullscreen \" ><div class=\"background-content \"><img fetchpriority=\"high\" decoding=\"async\" width=\"1920\" height=\"1278\" src=\"https:\/\/marketingymariana.com\/wp-content\/uploads\/2025\/10\/img_sitio-web-1.png\" class=\"background-image\" alt=\"page-header\" srcset=\"https:\/\/marketingymariana.com\/wp-content\/uploads\/2025\/10\/img_sitio-web-1.png 1920w, https:\/\/marketingymariana.com\/wp-content\/uploads\/2025\/10\/img_sitio-web-1-300x200.png 300w, https:\/\/marketingymariana.com\/wp-content\/uploads\/2025\/10\/img_sitio-web-1-1024x682.png 1024w, https:\/\/marketingymariana.com\/wp-content\/uploads\/2025\/10\/img_sitio-web-1-768x511.png 768w, https:\/\/marketingymariana.com\/wp-content\/uploads\/2025\/10\/img_sitio-web-1-1536x1022.png 1536w\" sizes=\"(max-width: 1920px) 100vw, 1920px\" \/><div class=\"background-overlay\"><\/div><\/div><div class=\"container vertical-flex-column item-content\">\r\n                            <div class=\"row\"><div class=\"standard-slide p0 col-lg-12 col-lg-offset-0 col-md-10 col-md-offset-1 col-sm-12 text-center\"><h1 class=\" heading-title heading-title-bold\">Convierte a desconocidos en clientes: crea tu Buyer Persona y \u00fasalo en tu marketing desde el d\u00eda 1<\/h1><div class=\"heading-content\"><p>Gu\u00eda practica + prompts para que transformes tus anuncios, sitio web y contenido en las pr\u00f3ximas horas.<\/p>\n<\/div><div class=\"single-header-button mb24 mt16 mt-xs-8 \"><a class=\"btn btn-filled btn-light btn-rounded  btn-sm-sm static-icon\" href=\"https:\/\/pay.hotmart.com\/K101822922L\">Transformar mi marketing<\/a><\/div>\r\n                    <\/div><\/div><\/div><\/section>\t\t\t\t<\/div>\n\t\t\t\t<\/div>\n\t\t\t\t\t<\/div>\n\t\t<\/div>\n\t\t\t\t\t<\/div>\n\t\t<\/section>\n\t\t\t\t<section class=\"elementor-section elementor-top-section elementor-element elementor-element-70e11d0 text-center pb0 elementor-section-boxed elementor-section-height-default elementor-section-height-default bg-light\" data-id=\"70e11d0\" data-element_type=\"section\">\n\t\t\t\t\t\t<div class=\"elementor-container elementor-column-gap-default\">\n\t\t\t\t\t<div class=\"elementor-column elementor-col-25 elementor-top-column elementor-element elementor-element-ac1dd35\" data-id=\"ac1dd35\" data-element_type=\"column\">\n\t\t\t<div class=\"elementor-widget-wrap\">\n\t\t\t\t\t\t\t<\/div>\n\t\t<\/div>\n\t\t\t\t<div class=\"elementor-column elementor-col-50 elementor-top-column elementor-element elementor-element-289b03e\" data-id=\"289b03e\" data-element_type=\"column\">\n\t\t\t<div class=\"elementor-widget-wrap elementor-element-populated\">\n\t\t\t\t\t\t<div class=\"elementor-element elementor-element-4f49dd9 elementor-widget elementor-widget-tlg_heading\" data-id=\"4f49dd9\" data-element_type=\"widget\" data-widget_type=\"tlg_heading.default\">\n\t\t\t\t<div class=\"elementor-widget-container\">\n\t\t\t\t\t<div class=\"tlg-heading mb0 mb-xs-40 text-center\"><h2 class=\"widgettitle mb0\">Esta gu\u00eda es para ti si\u2026<\/h2><\/div>\t\t\t\t<\/div>\n\t\t\t\t<\/div>\n\t\t\t\t\t<\/div>\n\t\t<\/div>\n\t\t\t\t<div class=\"elementor-column elementor-col-25 elementor-top-column elementor-element elementor-element-249745d\" data-id=\"249745d\" data-element_type=\"column\">\n\t\t\t<div class=\"elementor-widget-wrap\">\n\t\t\t\t\t\t\t<\/div>\n\t\t<\/div>\n\t\t\t\t\t<\/div>\n\t\t<\/section>\n\t\t\t\t<section class=\"elementor-section elementor-top-section elementor-element elementor-element-730f60a pt0 elementor-section-boxed elementor-section-height-default elementor-section-height-default bg-light\" data-id=\"730f60a\" data-element_type=\"section\">\n\t\t\t\t\t\t<div class=\"elementor-container elementor-column-gap-default\">\n\t\t\t\t\t<div class=\"elementor-column elementor-col-25 elementor-top-column elementor-element elementor-element-3ee44c6\" data-id=\"3ee44c6\" data-element_type=\"column\">\n\t\t\t<div class=\"elementor-widget-wrap elementor-element-populated\">\n\t\t\t\t\t\t<div class=\"elementor-element elementor-element-81f7da2 elementor-widget elementor-widget-tlg_image_text\" data-id=\"81f7da2\" data-element_type=\"widget\" data-widget_type=\"tlg_image_text.default\">\n\t\t\t\t<div class=\"elementor-widget-container\">\n\t\t\t\t\t<div class=\"image-text \"><div class=\"image-text-hover radius-5 shadow-medium\">\r\n\t\t\t\t\t\t\t<div class=\"image-text-background\">\r\n\t\t\t\t\t\t\t\t\r\n                \t\t\t\t<div class=\"image-text-image\" style=\"background-image: url(https:\/\/marketingymariana.com\/wp-content\/uploads\/2025\/05\/4-1.png)\"><\/div>\r\n                \t\t\t\t<div class=\"image-text-overlay\"><\/div>\r\n\t\t\t\t\t\t\t<\/div>\r\n\t\t\t\t\t\t\t<div class=\"image-text-content\">\r\n\t\t\t\t\t\t\t\t<div class=\"image-text-inner\"><h3>Publicas en redes pero no logras que tus clientes reaccionen.<\/h3><\/div>\r\n\t\t\t\t\t\t\t\t<div class=\"image-text-btn\"><\/div>\r\n\t\t\t\t\t\t\t<\/div>\r\n\t\t\t\t\t\t<\/div><\/div>\t\t\t\t<\/div>\n\t\t\t\t<\/div>\n\t\t\t\t\t<\/div>\n\t\t<\/div>\n\t\t\t\t<div class=\"elementor-column elementor-col-25 elementor-top-column elementor-element elementor-element-a12e2dc\" data-id=\"a12e2dc\" data-element_type=\"column\">\n\t\t\t<div class=\"elementor-widget-wrap elementor-element-populated\">\n\t\t\t\t\t\t<div class=\"elementor-element elementor-element-ab83a2d elementor-widget elementor-widget-tlg_image_text\" data-id=\"ab83a2d\" data-element_type=\"widget\" data-widget_type=\"tlg_image_text.default\">\n\t\t\t\t<div class=\"elementor-widget-container\">\n\t\t\t\t\t<div class=\"image-text \"><div class=\"image-text-hover radius-5 shadow-medium\">\r\n\t\t\t\t\t\t\t<div class=\"image-text-background\">\r\n\t\t\t\t\t\t\t\t\r\n                \t\t\t\t<div class=\"image-text-image\" style=\"background-image: url(https:\/\/marketingymariana.com\/wp-content\/uploads\/2025\/10\/1.png)\"><\/div>\r\n                \t\t\t\t<div class=\"image-text-overlay\"><\/div>\r\n\t\t\t\t\t\t\t<\/div>\r\n\t\t\t\t\t\t\t<div class=\"image-text-content\">\r\n\t\t\t\t\t\t\t\t<div class=\"image-text-inner\"><h3>Haces anuncios pero no obtienes ventas.<\/h3><\/div>\r\n\t\t\t\t\t\t\t\t<div class=\"image-text-btn\"><\/div>\r\n\t\t\t\t\t\t\t<\/div>\r\n\t\t\t\t\t\t<\/div><\/div>\t\t\t\t<\/div>\n\t\t\t\t<\/div>\n\t\t\t\t\t<\/div>\n\t\t<\/div>\n\t\t\t\t<div class=\"elementor-column elementor-col-25 elementor-top-column elementor-element elementor-element-20420ae\" data-id=\"20420ae\" data-element_type=\"column\">\n\t\t\t<div class=\"elementor-widget-wrap elementor-element-populated\">\n\t\t\t\t\t\t<div class=\"elementor-element elementor-element-61b25e6 elementor-widget elementor-widget-tlg_image_text\" data-id=\"61b25e6\" data-element_type=\"widget\" data-widget_type=\"tlg_image_text.default\">\n\t\t\t\t<div class=\"elementor-widget-container\">\n\t\t\t\t\t<div class=\"image-text \"><div class=\"image-text-hover radius-5 shadow-medium\">\r\n\t\t\t\t\t\t\t<div class=\"image-text-background\">\r\n\t\t\t\t\t\t\t\t\r\n                \t\t\t\t<div class=\"image-text-image\" style=\"background-image: url(https:\/\/marketingymariana.com\/wp-content\/uploads\/2025\/10\/2.png)\"><\/div>\r\n                \t\t\t\t<div class=\"image-text-overlay\"><\/div>\r\n\t\t\t\t\t\t\t<\/div>\r\n\t\t\t\t\t\t\t<div class=\"image-text-content\">\r\n\t\t\t\t\t\t\t\t<div class=\"image-text-inner\"><h3>No tienes claridad de qui\u00e9n es tu cliente ideal o c\u00f3mo hablarle.<\/h3><\/div>\r\n\t\t\t\t\t\t\t\t<div class=\"image-text-btn\"><\/div>\r\n\t\t\t\t\t\t\t<\/div>\r\n\t\t\t\t\t\t<\/div><\/div>\t\t\t\t<\/div>\n\t\t\t\t<\/div>\n\t\t\t\t\t<\/div>\n\t\t<\/div>\n\t\t\t\t<div class=\"elementor-column elementor-col-25 elementor-top-column elementor-element elementor-element-4828edb\" data-id=\"4828edb\" data-element_type=\"column\">\n\t\t\t<div class=\"elementor-widget-wrap elementor-element-populated\">\n\t\t\t\t\t\t<div class=\"elementor-element elementor-element-3d3fb89 elementor-widget elementor-widget-tlg_image_text\" data-id=\"3d3fb89\" data-element_type=\"widget\" data-widget_type=\"tlg_image_text.default\">\n\t\t\t\t<div class=\"elementor-widget-container\">\n\t\t\t\t\t<div class=\"image-text \"><div class=\"image-text-hover radius-5 shadow-medium\">\r\n\t\t\t\t\t\t\t<div class=\"image-text-background\">\r\n\t\t\t\t\t\t\t\t\r\n                \t\t\t\t<div class=\"image-text-image\" style=\"background-image: url(https:\/\/marketingymariana.com\/wp-content\/uploads\/2025\/10\/3.png)\"><\/div>\r\n                \t\t\t\t<div class=\"image-text-overlay\"><\/div>\r\n\t\t\t\t\t\t\t<\/div>\r\n\t\t\t\t\t\t\t<div class=\"image-text-content\">\r\n\t\t\t\t\t\t\t\t<div class=\"image-text-inner\"><h3>Quieres una herramienta pr\u00e1ctica que te d\u00e9 resultados reales y r\u00e1pidos.<\/h3><\/div>\r\n\t\t\t\t\t\t\t\t<div class=\"image-text-btn\"><\/div>\r\n\t\t\t\t\t\t\t<\/div>\r\n\t\t\t\t\t\t<\/div><\/div>\t\t\t\t<\/div>\n\t\t\t\t<\/div>\n\t\t\t\t\t<\/div>\n\t\t<\/div>\n\t\t\t\t\t<\/div>\n\t\t<\/section>\n\t\t\t\t<section class=\"elementor-section elementor-top-section elementor-element elementor-element-5dccede text-center pt0 pb0 elementor-section-boxed elementor-section-height-default elementor-section-height-default bg-light\" data-id=\"5dccede\" data-element_type=\"section\">\n\t\t\t\t\t\t<div class=\"elementor-container elementor-column-gap-default\">\n\t\t\t\t\t<div class=\"elementor-column elementor-col-100 elementor-top-column elementor-element elementor-element-7b0dada\" data-id=\"7b0dada\" data-element_type=\"column\">\n\t\t\t<div class=\"elementor-widget-wrap elementor-element-populated\">\n\t\t\t\t\t\t<div class=\"elementor-element elementor-element-a107105 elementor-widget elementor-widget-tlg_heading\" data-id=\"a107105\" data-element_type=\"widget\" data-widget_type=\"tlg_heading.default\">\n\t\t\t\t<div class=\"elementor-widget-container\">\n\t\t\t\t\t<div class=\"tlg-heading mb0 mb-xs-40 text-center\"><h3 class=\"widgettitle\">No m\u00e1s contenido que nadie ve ni anuncios que no convierten. Con esta gu\u00eda pr\u00e1ctica + prompts tendr\u00e1s claridad absoluta de qui\u00e9n es tu cliente y mensajes listos para aplicar en tus anuncios, redes sociales y p\u00e1gina web.<\/h3><\/div>\t\t\t\t<\/div>\n\t\t\t\t<\/div>\n\t\t\t\t\t<\/div>\n\t\t<\/div>\n\t\t\t\t\t<\/div>\n\t\t<\/section>\n\t\t\t\t<section class=\"elementor-section elementor-top-section elementor-element elementor-element-a1b63a5 pt0 pb0 elementor-section-boxed elementor-section-height-default elementor-section-height-default bg-light\" data-id=\"a1b63a5\" data-element_type=\"section\" id=\"main\">\n\t\t\t\t\t\t<div class=\"elementor-container elementor-column-gap-default\">\n\t\t\t\t\t<div class=\"elementor-column elementor-col-50 elementor-top-column elementor-element elementor-element-15589ea\" data-id=\"15589ea\" data-element_type=\"column\">\n\t\t\t<div class=\"elementor-widget-wrap elementor-element-populated\">\n\t\t\t\t\t\t<div class=\"elementor-element elementor-element-0519196 elementor-widget elementor-widget-tlg_images\" data-id=\"0519196\" data-element_type=\"widget\" data-widget_type=\"tlg_images.default\">\n\t\t\t\t<div class=\"elementor-widget-container\">\n\t\t\t\t\t<div class=\"image-text \"><section class=\"image-standard cascading-2\">\r\n\t\t\t\t\t        <div class=\" border-radius-m shadow-img \">\r\n\t\t\t\t\t            <div class=\"intro-image\"><img decoding=\"async\" src=\"https:\/\/marketingymariana.com\/wp-content\/uploads\/2025\/10\/img_sitio-web.png\" alt=\"image-text\"><\/div>\r\n\t\t\t\t\t        <\/div>\r\n\t\t\t\t\t\t<\/section><\/div>\t\t\t\t<\/div>\n\t\t\t\t<\/div>\n\t\t\t\t\t<\/div>\n\t\t<\/div>\n\t\t\t\t<div class=\"elementor-column elementor-col-50 elementor-top-column elementor-element elementor-element-0c664e3 padding-left\" data-id=\"0c664e3\" data-element_type=\"column\">\n\t\t\t<div class=\"elementor-widget-wrap elementor-element-populated\">\n\t\t\t\t\t\t<div class=\"elementor-element elementor-element-e48e45d elementor-widget elementor-widget-tlg_heading\" data-id=\"e48e45d\" data-element_type=\"widget\" data-widget_type=\"tlg_heading.default\">\n\t\t\t\t<div class=\"elementor-widget-container\">\n\t\t\t\t\t<div class=\"tlg-heading mb16 mb-xs-40 text-center\"><div class=\"widgetsubtitle  mb30\">El resultado<\/div><h2 class=\"widgettitle mb0\">\u2728 Despu\u00e9s de usar esta gu\u00eda:<\/h2><\/div>\t\t\t\t<\/div>\n\t\t\t\t<\/div>\n\t\t\t\t<div class=\"elementor-element elementor-element-404e4b5 elementor-widget elementor-widget-text-editor\" data-id=\"404e4b5\" data-element_type=\"widget\" data-widget_type=\"text-editor.default\">\n\t\t\t\t<div class=\"elementor-widget-container\">\n\t\t\t\t\t\t\t\t\t<p data-start=\"762\" data-end=\"1112\">\u2705 Descubrir\u00e1s con claridad qui\u00e9n es tu cliente ideal, qu\u00e9 piensa, qu\u00e9 siente y qu\u00e9 realmente lo motiva a comprar.<br data-start=\"830\" data-end=\"833\" \/>\u2705 Crear\u00e1s un Buyer Persona completo en minutos con ayuda de prompts listos para usar.<br data-start=\"906\" data-end=\"909\" \/>\u2705 Tendr\u00e1s ideas de anuncios, publicaciones y textos de web que conectan y convierten.<br data-start=\"1019\" data-end=\"1022\" \/>\u2705 Sabr\u00e1s c\u00f3mo comunicar tu propuesta de valor de manera persuasiva y simple.<br \/>\u2705 Un mini plan de acci\u00f3n para aplicar todo en tus estrategias en menos de 48 horas.<\/p>\t\t\t\t\t\t\t\t<\/div>\n\t\t\t\t<\/div>\n\t\t\t\t<div class=\"elementor-element elementor-element-7198c62 elementor-widget elementor-widget-heading\" data-id=\"7198c62\" data-element_type=\"widget\" data-widget_type=\"heading.default\">\n\t\t\t\t<div class=\"elementor-widget-container\">\n\t\t\t\t\t<h4 class=\"elementor-heading-title elementor-size-default\">En otras palabras: <strong data-start=\"1686\" data-end=\"1753\">pasar\u00e1s de adivinar a tener un marketing estrat\u00e9gico que vende.<\/strong><\/h4>\t\t\t\t<\/div>\n\t\t\t\t<\/div>\n\t\t\t\t<div class=\"elementor-element elementor-element-c1897fe elementor-align-center elementor-widget elementor-widget-button\" data-id=\"c1897fe\" data-element_type=\"widget\" data-widget_type=\"button.default\">\n\t\t\t\t<div class=\"elementor-widget-container\">\n\t\t\t\t\t\t\t\t\t<div class=\"elementor-button-wrapper\">\n\t\t\t\t\t<a class=\"elementor-button elementor-button-link elementor-size-sm\" href=\"https:\/\/pay.hotmart.com\/K101822922L\">\n\t\t\t\t\t\t<span class=\"elementor-button-content-wrapper\">\n\t\t\t\t\t\t\t\t\t<span class=\"elementor-button-text\">\u00a1Quiero mi gu\u00eda!<\/span>\n\t\t\t\t\t<\/span>\n\t\t\t\t\t<\/a>\n\t\t\t\t<\/div>\n\t\t\t\t\t\t\t\t<\/div>\n\t\t\t\t<\/div>\n\t\t\t\t\t<\/div>\n\t\t<\/div>\n\t\t\t\t\t<\/div>\n\t\t<\/section>\n\t\t\t\t<section class=\"elementor-section elementor-top-section elementor-element elementor-element-72c3f28 text-center pb0 bg-secondary bg-primary-fade elementor-section-boxed elementor-section-height-default elementor-section-height-default\" data-id=\"72c3f28\" data-element_type=\"section\" data-settings=\"{&quot;shape_divider_top&quot;:&quot;opacity-fan&quot;}\">\n\t\t\t\t\t<div class=\"elementor-shape elementor-shape-top\" data-negative=\"false\">\n\t\t\t<svg xmlns=\"http:\/\/www.w3.org\/2000\/svg\" viewBox=\"0 0 283.5 19.6\" preserveAspectRatio=\"none\">\n\t<path class=\"elementor-shape-fill\" style=\"opacity:0.33\" d=\"M0 0L0 18.8 141.8 4.1 283.5 18.8 283.5 0z\"\/>\n\t<path class=\"elementor-shape-fill\" style=\"opacity:0.33\" d=\"M0 0L0 12.6 141.8 4 283.5 12.6 283.5 0z\"\/>\n\t<path class=\"elementor-shape-fill\" style=\"opacity:0.33\" d=\"M0 0L0 6.4 141.8 4 283.5 6.4 283.5 0z\"\/>\n\t<path class=\"elementor-shape-fill\" d=\"M0 0L0 1.2 141.8 4 283.5 1.2 283.5 0z\"\/>\n<\/svg>\t\t<\/div>\n\t\t\t\t\t<div class=\"elementor-container elementor-column-gap-default\">\n\t\t\t\t\t<div class=\"elementor-column elementor-col-100 elementor-top-column elementor-element elementor-element-7a00f3e\" data-id=\"7a00f3e\" data-element_type=\"column\">\n\t\t\t<div class=\"elementor-widget-wrap elementor-element-populated\">\n\t\t\t\t\t\t<div class=\"elementor-element elementor-element-1a1c902 elementor-widget elementor-widget-tlg_heading\" data-id=\"1a1c902\" data-element_type=\"widget\" data-widget_type=\"tlg_heading.default\">\n\t\t\t\t<div class=\"elementor-widget-container\">\n\t\t\t\t\t<div class=\"tlg-heading mb0 mb-xs-40 text-center\"><h2 class=\"widgettitle mb0\"><cite>Descarga ahora tu gu\u00eda + prompts por solo $14.99 USD y empieza a transformar tu marketing hoy mismo.<\/cite><\/h2><\/div>\t\t\t\t<\/div>\n\t\t\t\t<\/div>\n\t\t\t\t<div class=\"elementor-element elementor-element-2e8f307 elementor-widget elementor-widget-button\" data-id=\"2e8f307\" data-element_type=\"widget\" data-widget_type=\"button.default\">\n\t\t\t\t<div class=\"elementor-widget-container\">\n\t\t\t\t\t\t\t\t\t<div class=\"elementor-button-wrapper\">\n\t\t\t\t\t<a class=\"elementor-button elementor-button-link elementor-size-sm\" href=\"https:\/\/pay.hotmart.com\/K101822922L\">\n\t\t\t\t\t\t<span class=\"elementor-button-content-wrapper\">\n\t\t\t\t\t\t\t\t\t<span class=\"elementor-button-text\">\ud83d\udc49 Descargar ahora<\/span>\n\t\t\t\t\t<\/span>\n\t\t\t\t\t<\/a>\n\t\t\t\t<\/div>\n\t\t\t\t\t\t\t\t<\/div>\n\t\t\t\t<\/div>\n\t\t\t\t\t<\/div>\n\t\t<\/div>\n\t\t\t\t\t<\/div>\n\t\t<\/section>\n\t\t\t\t<\/div>\n\t\t","protected":false},"excerpt":{"rendered":"<p>Convierte a desconocidos en clientes: crea tu Buyer Persona y \u00fasalo en tu marketing desde el d\u00eda 1 Gu\u00eda practica + prompts para que transformes tus anuncios, sitio web y contenido en las pr\u00f3ximas horas. Transformar mi marketing Esta gu\u00eda es para ti si\u2026 Publicas en redes pero no logras que tus clientes reaccionen. Haces&#8230;<\/p>\n","protected":false},"author":1,"featured_media":0,"parent":1908,"menu_order":0,"comment_status":"closed","ping_status":"closed","template":"","meta":{"footnotes":""},"class_list":["post-5528","page","type-page","status-publish","hentry"],"_links":{"self":[{"href":"https:\/\/marketingymariana.com\/index.php\/wp-json\/wp\/v2\/pages\/5528","targetHints":{"allow":["GET"]}}],"collection":[{"href":"https:\/\/marketingymariana.com\/index.php\/wp-json\/wp\/v2\/pages"}],"about":[{"href":"https:\/\/marketingymariana.com\/index.php\/wp-json\/wp\/v2\/types\/page"}],"author":[{"embeddable":true,"href":"https:\/\/marketingymariana.com\/index.php\/wp-json\/wp\/v2\/users\/1"}],"replies":[{"embeddable":true,"href":"https:\/\/marketingymariana.com\/index.php\/wp-json\/wp\/v2\/comments?post=5528"}],"version-history":[{"count":10,"href":"https:\/\/marketingymariana.com\/index.php\/wp-json\/wp\/v2\/pages\/5528\/revisions"}],"predecessor-version":[{"id":5545,"href":"https:\/\/marketingymariana.com\/index.php\/wp-json\/wp\/v2\/pages\/5528\/revisions\/5545"}],"up":[{"embeddable":true,"href":"https:\/\/marketingymariana.com\/index.php\/wp-json\/wp\/v2\/pages\/1908"}],"wp:attachment":[{"href":"https:\/\/marketingymariana.com\/index.php\/wp-json\/wp\/v2\/media?parent=5528"}],"curies":[{"name":"wp","href":"https:\/\/api.w.org\/{rel}","templated":true}]}}